{"id":125,"date":"2021-08-11T21:35:35","date_gmt":"2021-08-11T19:35:35","guid":{"rendered":"http:\/\/danielabraun.ch\/?page_id=125"},"modified":"2023-02-16T15:33:14","modified_gmt":"2023-02-16T14:33:14","slug":"contact","status":"publish","type":"page","link":"https:\/\/danielaengel.art\/de\/contact\/","title":{"rendered":"Kontakt"},"content":{"rendered":"<div data-parent=\"true\" class=\"vc_row row-container\" id=\"row-unique-0\"><div class=\"row unequal limit-width row-parent\"><div class=\"wpb_row row-inner\"><div class=\"wpb_column pos-middle pos-center align_left column_parent col-lg-8 single-internal-gutter\"><div class=\"uncol style-dark animate_when_almost_visible alpha-anim\"  ><div class=\"uncoltable\"><div class=\"uncell no-block-padding    parallax-el\" data-rellax-percentage=\"0.5\" data-rellax-speed=\"1\"><div class=\"uncont\"><div class=\"vc_row row-internal row-container\"><div class=\"row row-child\"><div class=\"wpb_row row-inner\"><div class=\"wpb_column pos-top pos-center align_left column_child col-lg-4 mobile-hidden single-internal-gutter\"><div class=\"uncol style-dark\" ><div class=\"uncoltable\"><div class=\"uncell no-block-padding\" ><div class=\"uncont\"><\/div><\/div><\/div><\/div><\/div><div class=\"wpb_column pos-top pos-center align_left column_child col-lg-8 single-internal-gutter\"><div class=\"uncol style-dark\" ><div class=\"uncoltable\"><div class=\"uncell no-block-padding\" ><div class=\"uncont\"><div class=\"uncode_text_column justify text-lead text-color-152796-color parallax-el\" data-rellax-percentage=\"0.5\" data-rellax-speed=\"0.5\"><\/div><\/div><\/div><\/div><\/div><\/div><\/div><\/div><\/div><div class=\"vc_row row-internal row-container\"><div class=\"row row-child\"><div class=\"wpb_row row-inner\"><div class=\"wpb_column pos-top pos-center align_left column_child col-lg-8 single-internal-gutter\"><div class=\"uncol style-dark\" ><div class=\"uncoltable\"><div class=\"uncell no-block-padding\" ><div class=\"uncont\"><div class=\"uncode-single-media  text-left\"><div class=\"single-wrapper\" style=\"max-width: 100%;\"><div class=\"uncode-single-media-wrapper single-advanced\"><div class=\"tmb tmb-dark tmb-overlay-text-anim tmb-overlay-showed tmb-overlay-anim tmb-overlay-text-left tmb-image-anim  tmb-img-ratio tmb-media-first tmb-media-last tmb-content-overlay tmb-no-bg tmb-lightbox\" ><div class=\"t-inside\" ><div class=\"t-entry-visual\"><div class=\"t-entry-visual-tc\"><div class=\"t-entry-visual-cont\"><div class=\"dummy\" style=\"padding-top: 56.3%;\"><\/div><a tabindex=\"-1\" href=\"https:\/\/danielaengel.art\/wp-content\/uploads\/2021\/08\/daniela-clarinet0612_r.jpg\" class=\"pushed\" data-active=\"1\" data-lbox=\"ilightbox_single-272\" data-options=\"width:2048,height:1367,thumbnail: 'https:\/\/danielaengel.art\/wp-content\/uploads\/2021\/08\/daniela-clarinet0612_r.jpg'\"><div class=\"t-entry-visual-overlay\" style=\"mix-blend-mode: soft-light;\"><div class=\"t-entry-visual-overlay-in color-103467 style-color-103467-bg\"><\/div><\/div><img decoding=\"async\" class=\"wp-image-272\" src=\"https:\/\/danielaengel.art\/wp-content\/uploads\/2021\/08\/daniela-clarinet0612_r-uai-2048x1152.jpg\" width=\"2048\" height=\"1152\" alt=\"\" srcset=\"https:\/\/danielaengel.art\/wp-content\/uploads\/2021\/08\/daniela-clarinet0612_r-uai-2048x1152.jpg 2048w, https:\/\/danielaengel.art\/wp-content\/uploads\/2021\/08\/daniela-clarinet0612_r-uai-258x145.jpg 258w, https:\/\/danielaengel.art\/wp-content\/uploads\/2021\/08\/daniela-clarinet0612_r-uai-1440x810.jpg 1440w, https:\/\/danielaengel.art\/wp-content\/uploads\/2021\/08\/daniela-clarinet0612_r-uai-1032x580.jpg 1032w, https:\/\/danielaengel.art\/wp-content\/uploads\/2021\/08\/daniela-clarinet0612_r-uai-720x405.jpg 720w, https:\/\/danielaengel.art\/wp-content\/uploads\/2021\/08\/daniela-clarinet0612_r-uai-516x290.jpg 516w\" sizes=\"(max-width: 2048px) 100vw, 2048px\" \/><\/a><\/div>\n\t\t\t\t\t<\/div>\n\t\t\t\t<\/div><\/div><\/div><\/div><\/div><\/div><\/div><\/div><\/div><\/div><\/div><div class=\"wpb_column pos-top pos-center align_left column_child col-lg-4 single-internal-gutter\"><div class=\"uncol style-dark\" ><div class=\"uncoltable\"><div class=\"uncell no-block-padding\" ><div class=\"uncont\"><div class=\"uncode-wrapper uncode-list\" >\n<ul class=\"icons text-lead\">\n<li><i class=\"fa fa-mail text-color-129906-color\"><\/i>info(at)danielaengel.art<\/li>\n<\/ul>\n<\/div><div class=\"uncode-wrapper uncode-list\" >\n<ul class=\"icons text-lead\">\n<li><i class=\"fa fa-home text-color-129906-color\"><\/i>M\u00e4nnedorf, Z\u00fcrich, Switzerland<\/li>\n<\/ul>\n<\/div><div class=\"uncode-wrapper uncode-list\" >\n<ul class=\"icons text-lead\">\n<li><i class=\"fa fa-phone3 text-color-129906-color\"><\/i>+41 79 946 72 27<\/li>\n<\/ul>\n<\/div><div class=\"uncode-vc-social\"><div class=\"social-icon icon-box icon-box-top icon-inline\" ><a href=\"http:\/\/facebook.com\/danielabraun.ch\" target=\"_blank\"><i class=\"fa fa-facebook-official\"><\/i><\/a><\/div><div class=\"social-icon icon-box icon-box-top icon-inline\" ><a href=\"https:\/\/www.youtube.com\/channel\/UCxuCwXp-QtO_zjx84KTA4zw\" target=\"_blank\"><i class=\"fa fa-youtube-play\"><\/i><\/a><\/div><\/div><\/div><\/div><\/div><\/div><\/div><\/div><\/div><\/div><\/div><\/div><\/div><\/div><\/div><script id=\"script-row-unique-0\" data-row=\"script-row-unique-0\" type=\"text\/javascript\" class=\"vc_controls\">UNCODE.initRow(document.getElementById(\"row-unique-0\"));<\/script><\/div><\/div><\/div><div data-parent=\"true\" class=\"vc_row row-container\" id=\"row-unique-2\"><div class=\"row limit-width row-parent\"><div class=\"wpb_row row-inner\"><div class=\"wpb_column pos-top pos-center align_left column_parent col-lg-12 single-internal-gutter\"><div class=\"uncol style-dark animate_when_almost_visible alpha-anim\"  ><div class=\"uncoltable\"><div class=\"uncell no-block-padding\" ><div class=\"uncont\"><div class=\"vc_custom_heading_wrap \"><div class=\"heading-text el-text\" ><h2 class=\"h5 font-weight-100 text-color-152796-color\" ><span>NEWSLETTER<\/span><\/h2><\/div><div class=\"clear\"><\/div><\/div><div class=\"vc_row row-internal row-container\"><div class=\"row row-child\"><div class=\"wpb_row row-inner\"><div class=\"wpb_column pos-top pos-center align_left column_child col-lg-8 single-internal-gutter\"><div class=\"uncol style-dark\" ><div class=\"uncoltable\"><div class=\"uncell no-block-padding\" ><div class=\"uncont\"><div class=\"vc_custom_heading_wrap \"><div class=\"heading-text el-text parallax-el\" data-rellax-percentage=\"0.5\" data-rellax-speed=\"0.5\" id=\"signup\"><h2 class=\"fontsize-193039 text-color-210018-color\" ><span>Abonnieren<\/span><\/h2><div><p>Bleiben Sie \u00fcber die n\u00e4chsten Konzerte und Projekte informiert!<\/p>\n<\/div><\/div><div class=\"clear\"><\/div><\/div><\/div><\/div><\/div><\/div><\/div><div class=\"wpb_column pos-top pos-center align_left column_child col-lg-4 single-internal-gutter\"><div class=\"uncol style-dark\" ><div class=\"uncoltable\"><div class=\"uncell no-block-padding\" ><div class=\"uncont\"><div class=\"uncode_text_column\" ><script>(function() {\n\twindow.mc4wp = window.mc4wp || {\n\t\tlisteners: [],\n\t\tforms: {\n\t\t\ton: function(evt, cb) {\n\t\t\t\twindow.mc4wp.listeners.push(\n\t\t\t\t\t{\n\t\t\t\t\t\tevent   : evt,\n\t\t\t\t\t\tcallback: cb\n\t\t\t\t\t}\n\t\t\t\t);\n\t\t\t}\n\t\t}\n\t}\n})();\n<\/script><!-- Mailchimp for WordPress v4.9.1 - https:\/\/wordpress.org\/plugins\/mailchimp-for-wp\/ --><form id=\"mc4wp-form-1\" class=\"mc4wp-form mc4wp-form-576\" method=\"post\" data-id=\"576\" data-name=\"Subscribe\" ><div class=\"mc4wp-form-fields\"><style>\r\n  .padding > * {\r\n  \tpadding:13px;\r\n  }\r\n  .fullwidth {\r\n    width:100%\r\n  }\r\n<\/style>\r\n\r\n<div class=\"text-color-165255-color\">  \r\n\r\n<div class=\"padding\" style=\"display:flex;flex-direction:column;\" >\r\n  <p>\r\n    <label>Vorname<\/label>\r\n    <input class=\"fullwidth\" type=\"text\" name=\"FNAME\">\r\n<\/p>\r\n<p>\r\n    <label>Name<\/label>\r\n    <input class=\"fullwidth\" type=\"text\" name=\"LNAME\">\r\n<\/p>\r\n<\/div>\r\n<div class=\"padding\" style=\"display:flex;flex-direction:column;\" >\r\n<p>\r\n    <label>Email *<\/label>\r\n    <input class=\"fullwidth\" type=\"email\" name=\"EMAIL\" required=\"\">\r\n<\/p>\r\n\r\n<div style=\"width:100%\">\r\n  <p>\r\n\t<input class=\"fullwidth\" type=\"submit\" value=\"Abonnieren\" \/>\r\n<\/p>\r\n  <\/div>\r\n\r\n\r\n<\/div>\r\n  <\/div><\/div><label style=\"display: none !important;\">Wenn du ein Mensch bist, lasse das Feld leer: <input type=\"text\" name=\"_mc4wp_honeypot\" value=\"\" tabindex=\"-1\" autocomplete=\"off\" \/><\/label><input type=\"hidden\" name=\"_mc4wp_timestamp\" value=\"1777638858\" \/><input type=\"hidden\" name=\"_mc4wp_form_id\" value=\"576\" \/><input type=\"hidden\" name=\"_mc4wp_form_element_id\" value=\"mc4wp-form-1\" \/><div class=\"mc4wp-response\"><\/div><\/form><!-- \/ Mailchimp for WordPress Plugin -->\n<\/div><\/div><\/div><\/div><\/div><\/div><\/div><\/div><\/div><\/div><\/div><\/div><\/div><\/div><script id=\"script-row-unique-2\" data-row=\"script-row-unique-2\" type=\"text\/javascript\" class=\"vc_controls\">UNCODE.initRow(document.getElementById(\"row-unique-2\"));<\/script><\/div><\/div><\/div>\n","protected":false},"excerpt":{"rendered":"info(at)danielaengel.art M\u00e4nnedorf, Z\u00fcrich, Switzerland +41 79 946 72 27 NEWSLETTERAbonnierenBleiben Sie \u00fcber die n\u00e4chsten Konzerte und Projekte informiert! Vorname Name [...]","protected":false},"author":2,"featured_media":0,"parent":0,"menu_order":0,"comment_status":"closed","ping_status":"closed","template":"","meta":[],"_links":{"self":[{"href":"https:\/\/danielaengel.art\/de\/wp-json\/wp\/v2\/pages\/125"}],"collection":[{"href":"https:\/\/danielaengel.art\/de\/wp-json\/wp\/v2\/pages"}],"about":[{"href":"https:\/\/danielaengel.art\/de\/wp-json\/wp\/v2\/types\/page"}],"author":[{"embeddable":true,"href":"https:\/\/danielaengel.art\/de\/wp-json\/wp\/v2\/users\/2"}],"replies":[{"embeddable":true,"href":"https:\/\/danielaengel.art\/de\/wp-json\/wp\/v2\/comments?post=125"}],"version-history":[{"count":21,"href":"https:\/\/danielaengel.art\/de\/wp-json\/wp\/v2\/pages\/125\/revisions"}],"predecessor-version":[{"id":946,"href":"https:\/\/danielaengel.art\/de\/wp-json\/wp\/v2\/pages\/125\/revisions\/946"}],"wp:attachment":[{"href":"https:\/\/danielaengel.art\/de\/wp-json\/wp\/v2\/media?parent=125"}],"curies":[{"name":"wp","href":"https:\/\/api.w.org\/{rel}","templated":true}]}}